{"id":2,"date":"2015-08-11T19:49:59","date_gmt":"2015-08-11T17:49:59","guid":{"rendered":"http:\/\/fichtenblatt.de\/?page_id=2"},"modified":"2019-01-08T23:28:00","modified_gmt":"2019-01-08T22:28:00","slug":"beispiel-seite","status":"publish","type":"page","link":"https:\/\/fichtenblatt.de\/?page_id=2","title":{"rendered":"Das Konzept"},"content":{"rendered":"<p style=\"text-align: justify;\">Das <strong><em>Fichtenblatt <\/em><\/strong>ist die digitale Schulzeitung des Fichtenberg Gymnasiums Berlin. Sie wurde zu Beginn des Schuljahres 2015\/2016 gegr\u00fcndet.<br \/>\nDie Schulzeitung soll sowohl eine Plattform f\u00fcr eigenverantwortliches Sch\u00fcler*innenengagement als auch f\u00fcr ausgew\u00e4hlte unterrichtliche Ergebnisse der Sch\u00fcler*innen sein. Zudem sollen Projekte und Veranstaltungen der Fichtenberg Oberschule vorgestellt werden.<br \/>\nNachdem die erste AG-Generation das Fichtenblatt erfolgreich etabliert hat, wurde die AG im Dezember 2018 neu gegr\u00fcndet. Die neue AG-Generation besteht momentan aus zehn Sch\u00fcler*innen aus f\u00fcnf verschiedenen Jahrg\u00e4ngen der Fichte.<\/p>\n","protected":false},"excerpt":{"rendered":"<p>Das Fichtenblatt ist die digitale Schulzeitung des Fichtenberg Gymnasiums Berlin. Sie wurde zu Beginn des Schuljahres 2015\/2016 gegr\u00fcndet. Die Schulzeitung soll sowohl eine Plattform f\u00fcr eigenverantwortliches Sch\u00fcler*innenengagement als auch f\u00fcr ausgew\u00e4hlte unterrichtliche Ergebnisse der Sch\u00fcler*innen sein. Zudem sollen Projekte und Veranstaltungen der Fichtenberg Oberschule vorgestellt werden. Nachdem die erste AG-Generation das Fichtenblatt erfolgreich etabliert hat, [&hellip;]<\/p>\n","protected":false},"author":2,"featured_media":0,"parent":0,"menu_order":0,"comment_status":"open","ping_status":"open","template":"","meta":{"footnotes":""},"class_list":["post-2","page","type-page","status-publish","hentry"],"_links":{"self":[{"href":"https:\/\/fichtenblatt.de\/index.php?rest_route=\/wp\/v2\/pages\/2","targetHints":{"allow":["GET"]}}],"collection":[{"href":"https:\/\/fichtenblatt.de\/index.php?rest_route=\/wp\/v2\/pages"}],"about":[{"href":"https:\/\/fichtenblatt.de\/index.php?rest_route=\/wp\/v2\/types\/page"}],"author":[{"embeddable":true,"href":"https:\/\/fichtenblatt.de\/index.php?rest_route=\/wp\/v2\/users\/2"}],"replies":[{"embeddable":true,"href":"https:\/\/fichtenblatt.de\/index.php?rest_route=%2Fwp%2Fv2%2Fcomments&post=2"}],"version-history":[{"count":8,"href":"https:\/\/fichtenblatt.de\/index.php?rest_route=\/wp\/v2\/pages\/2\/revisions"}],"predecessor-version":[{"id":1133,"href":"https:\/\/fichtenblatt.de\/index.php?rest_route=\/wp\/v2\/pages\/2\/revisions\/1133"}],"wp:attachment":[{"href":"https:\/\/fichtenblatt.de\/index.php?rest_route=%2Fwp%2Fv2%2Fmedia&parent=2"}],"curies":[{"name":"wp","href":"https:\/\/api.w.org\/{rel}","templated":true}]}}